{"id":1882,"date":"2016-09-28T09:40:27","date_gmt":"2016-09-28T09:40:27","guid":{"rendered":"http:\/\/sanfernando.cs.us.es\/?page_id=1882"},"modified":"2021-05-20T07:24:28","modified_gmt":"2021-05-20T07:24:28","slug":"objetivos-y-competencias","status":"publish","type":"page","link":"https:\/\/masterds.es\/?page_id=1882","title":{"rendered":"Objetivos y competencias"},"content":{"rendered":"<p><a name=\"objetivos\"><\/a><\/p>\n<h4>Objetivos<\/h4>\n<hr \/>\n<ul>\n<li>Habilitar al alumno en las competencias necesarias para el tratamiento computacional y estad\u00edstico de datos, utilizando t\u00e9cnicas computacionales y de Inteligencia Artificial.<\/li>\n<li>Formar a titulados en el an\u00e1lisis cient\u00edfico de datos.<\/li>\n<li>Implantar unos estudios de postgrado que capaciten al egresado como cient\u00edfico de datos dentro de la empresa.<\/li>\n<li>Facilitar una formaci\u00f3n aplicada en Data Science a titulados superiores.<\/li>\n<li>Capacitar a titulados en el manejo cient\u00edfico de soluciones para Big Data.<\/li>\n<li>Proveer al empresariado e instituciones de la regi\u00f3n de especialistas cualificados en la explotaci\u00f3n de datos y extracci\u00f3n de conocimiento de los mismos.<\/li>\n<li>Actualizar las competencias y conocimientos de profesionales en Estad\u00edstica o Computaci\u00f3n que trabajan en el sector p\u00fablico o privado.<\/li>\n<\/ul>\n<p><a name=\"competencias\"><\/a><\/p>\n<h4>Competencias<\/h4>\n<hr \/>\n<ol>\n<li>Capacidad para aplicar los conocimientos adquiridos y para resolver problemas en entornos nuevos o poco conocidos dentro de contextos m\u00e1s amplios y multidisciplinares, siendo capaces de integrar estos conocimientos.<\/li>\n<li>Capacidad de integrar conocimientos y enfrentarse a la complejidad de formular juicios a partir de una informaci\u00f3n que, siendo incompleta o limitada, incluya reflexiones sobre las responsabilidades sociales y \u00e9ticas vinculadas a la aplicaci\u00f3n de sus conocimientos y juicios.<\/li>\n<li>Capacidad de comunicar sus conclusiones y los conocimientos y razones \u00faltimas que las sustentan a p\u00fablicos especializados y no especializados de un modo claro y sin ambig\u00fcedades.<\/li>\n<li>Que los estudiantes posean las habilidades de aprendizaje que les permitan continuar estudiando de un modo que habr\u00e1 de ser en gran medida autodirigido o aut\u00f3nomo.<\/li>\n<li>Los estudiantes ser\u00e1n capaces de realizar un an\u00e1lisis cr\u00edtico, evaluaci\u00f3n y s\u00edntesis de ideas nuevas y complejas.<\/li>\n<li>Los estudiantes deben ser capaces de comunicarse con sus colegas, con la comunidad con la que comparte intereses profesionales en su conjunto y con la sociedad en general acerca de sus \u00e1reas de conocimiento.<\/li>\n<li>Los estudiantes ser\u00e1n capaces de fomentar, en contextos acad\u00e9micos y profesionales, el avance tecnol\u00f3gico, social o cultural dentro de una sociedad basada en el conocimiento.<\/li>\n<li>Los estudiantes ser\u00e1n capaces de analizar textos del \u00e1rea en otras lenguas relevantes en el \u00e1mbito cient\u00edfico.<\/li>\n<li>Los estudiantes ser\u00e1n capaces de evaluar la calidad de nuevos m\u00e9todos de creaci\u00f3n y gesti\u00f3n de conocimiento.<\/li>\n<li>Capacidad para formular opiniones globales y razonadas sobre proyectos de \u00e1mbito creativo-tecnol\u00f3gico.<\/li>\n<\/ol>\n<h4>Procedimientos de evaluaci\u00f3n<\/h4>\n<hr \/>\n<ul>\n<li>Asistencia<\/li>\n<li>Trabajos<\/li>\n<\/ul>\n\n<div class=\"twitter-share\"><a href=\"https:\/\/twitter.com\/intent\/tweet?via=MScDataScience\" class=\"twitter-share-button\">Twittear<\/a><\/div>\n","protected":false},"excerpt":{"rendered":"<p>Objetivos Habilitar al alumno en las competencias necesarias para el tratamiento computacional y estad\u00edstico de datos, utilizando t\u00e9cnicas computacionales y de Inteligencia Artificial. Formar a titulados en el an\u00e1lisis cient\u00edfico de datos. Implantar unos estudios de postgrado que capaciten al egresado como cient\u00edfico de datos dentro de la empresa. Facilitar una formaci\u00f3n aplicada en Data<\/p>\n<div><a class=\"btn-filled btn\" href=\"https:\/\/masterds.es\/?page_id=1882\" title=\"Objetivos y competencias\">Leer m\u00e1s<\/a><\/div>\n","protected":false},"author":1,"featured_media":0,"parent":1840,"menu_order":0,"comment_status":"closed","ping_status":"closed","template":"","meta":{"footnotes":""},"yoast_head":"<!-- This site is optimized with the Yoast SEO plugin v21.7 - https:\/\/yoast.com\/wordpress\/plugins\/seo\/ -->\n<title>Objetivos y competencias - Master propio U. Sevilla<\/title>\n<meta name=\"robots\" content=\"index, follow, max-snippet:-1, max-image-preview:large, max-video-preview:-1\" \/>\n<link rel=\"canonical\" href=\"https:\/\/masterds.es\/?page_id=1882\" \/>\n<meta property=\"og:locale\" content=\"es_ES\" \/>\n<meta property=\"og:type\" content=\"article\" \/>\n<meta property=\"og:title\" content=\"Objetivos y competencias - Master propio U. Sevilla\" \/>\n<meta property=\"og:description\" content=\"Objetivos Habilitar al alumno en las competencias necesarias para el tratamiento computacional y estad\u00edstico de datos, utilizando t\u00e9cnicas computacionales y de Inteligencia Artificial. Formar a titulados en el an\u00e1lisis cient\u00edfico de datos. Implantar unos estudios de postgrado que capaciten al egresado como cient\u00edfico de datos dentro de la empresa. Facilitar una formaci\u00f3n aplicada en DataLeer m\u00e1s\" \/>\n<meta property=\"og:url\" content=\"https:\/\/masterds.es\/?page_id=1882\" \/>\n<meta property=\"og:site_name\" content=\"Master propio U. Sevilla\" \/>\n<meta property=\"article:modified_time\" content=\"2021-05-20T07:24:28+00:00\" \/>\n<meta name=\"twitter:card\" content=\"summary_large_image\" \/>\n<meta name=\"twitter:label1\" content=\"Tiempo de lectura\" \/>\n\t<meta name=\"twitter:data1\" content=\"2 minutos\" \/>\n<script type=\"application\/ld+json\" class=\"yoast-schema-graph\">{\"@context\":\"https:\/\/schema.org\",\"@graph\":[{\"@type\":\"WebPage\",\"@id\":\"https:\/\/masterds.es\/?page_id=1882\",\"url\":\"https:\/\/masterds.es\/?page_id=1882\",\"name\":\"Objetivos y competencias - Master propio U. Sevilla\",\"isPartOf\":{\"@id\":\"https:\/\/masterds.es\/#website\"},\"datePublished\":\"2016-09-28T09:40:27+00:00\",\"dateModified\":\"2021-05-20T07:24:28+00:00\",\"breadcrumb\":{\"@id\":\"https:\/\/masterds.es\/?page_id=1882#breadcrumb\"},\"inLanguage\":\"es\",\"potentialAction\":[{\"@type\":\"ReadAction\",\"target\":[\"https:\/\/masterds.es\/?page_id=1882\"]}]},{\"@type\":\"BreadcrumbList\",\"@id\":\"https:\/\/masterds.es\/?page_id=1882#breadcrumb\",\"itemListElement\":[{\"@type\":\"ListItem\",\"position\":1,\"name\":\"Portada\",\"item\":\"https:\/\/masterds.es\/\"},{\"@type\":\"ListItem\",\"position\":2,\"name\":\"Informaci\u00f3n general\",\"item\":\"https:\/\/masterds.es\/?page_id=1840\"},{\"@type\":\"ListItem\",\"position\":3,\"name\":\"Objetivos y competencias\"}]},{\"@type\":\"WebSite\",\"@id\":\"https:\/\/masterds.es\/#website\",\"url\":\"https:\/\/masterds.es\/\",\"name\":\"Master propio U. Sevilla\",\"description\":\"Master en Data Science\",\"potentialAction\":[{\"@type\":\"SearchAction\",\"target\":{\"@type\":\"EntryPoint\",\"urlTemplate\":\"https:\/\/masterds.es\/?s={search_term_string}\"},\"query-input\":\"required name=search_term_string\"}],\"inLanguage\":\"es\"}]}<\/script>\n<!-- \/ Yoast SEO plugin. -->","yoast_head_json":{"title":"Objetivos y competencias - Master propio U. Sevilla","robots":{"index":"index","follow":"follow","max-snippet":"max-snippet:-1","max-image-preview":"max-image-preview:large","max-video-preview":"max-video-preview:-1"},"canonical":"https:\/\/masterds.es\/?page_id=1882","og_locale":"es_ES","og_type":"article","og_title":"Objetivos y competencias - Master propio U. Sevilla","og_description":"Objetivos Habilitar al alumno en las competencias necesarias para el tratamiento computacional y estad\u00edstico de datos, utilizando t\u00e9cnicas computacionales y de Inteligencia Artificial. Formar a titulados en el an\u00e1lisis cient\u00edfico de datos. Implantar unos estudios de postgrado que capaciten al egresado como cient\u00edfico de datos dentro de la empresa. Facilitar una formaci\u00f3n aplicada en DataLeer m\u00e1s","og_url":"https:\/\/masterds.es\/?page_id=1882","og_site_name":"Master propio U. Sevilla","article_modified_time":"2021-05-20T07:24:28+00:00","twitter_card":"summary_large_image","twitter_misc":{"Tiempo de lectura":"2 minutos"},"schema":{"@context":"https:\/\/schema.org","@graph":[{"@type":"WebPage","@id":"https:\/\/masterds.es\/?page_id=1882","url":"https:\/\/masterds.es\/?page_id=1882","name":"Objetivos y competencias - Master propio U. Sevilla","isPartOf":{"@id":"https:\/\/masterds.es\/#website"},"datePublished":"2016-09-28T09:40:27+00:00","dateModified":"2021-05-20T07:24:28+00:00","breadcrumb":{"@id":"https:\/\/masterds.es\/?page_id=1882#breadcrumb"},"inLanguage":"es","potentialAction":[{"@type":"ReadAction","target":["https:\/\/masterds.es\/?page_id=1882"]}]},{"@type":"BreadcrumbList","@id":"https:\/\/masterds.es\/?page_id=1882#breadcrumb","itemListElement":[{"@type":"ListItem","position":1,"name":"Portada","item":"https:\/\/masterds.es\/"},{"@type":"ListItem","position":2,"name":"Informaci\u00f3n general","item":"https:\/\/masterds.es\/?page_id=1840"},{"@type":"ListItem","position":3,"name":"Objetivos y competencias"}]},{"@type":"WebSite","@id":"https:\/\/masterds.es\/#website","url":"https:\/\/masterds.es\/","name":"Master propio U. Sevilla","description":"Master en Data Science","potentialAction":[{"@type":"SearchAction","target":{"@type":"EntryPoint","urlTemplate":"https:\/\/masterds.es\/?s={search_term_string}"},"query-input":"required name=search_term_string"}],"inLanguage":"es"}]}},"jetpack_sharing_enabled":true,"_links":{"self":[{"href":"https:\/\/masterds.es\/index.php?rest_route=\/wp\/v2\/pages\/1882"}],"collection":[{"href":"https:\/\/masterds.es\/index.php?rest_route=\/wp\/v2\/pages"}],"about":[{"href":"https:\/\/masterds.es\/index.php?rest_route=\/wp\/v2\/types\/page"}],"author":[{"embeddable":true,"href":"https:\/\/masterds.es\/index.php?rest_route=\/wp\/v2\/users\/1"}],"replies":[{"embeddable":true,"href":"https:\/\/masterds.es\/index.php?rest_route=%2Fwp%2Fv2%2Fcomments&post=1882"}],"version-history":[{"count":3,"href":"https:\/\/masterds.es\/index.php?rest_route=\/wp\/v2\/pages\/1882\/revisions"}],"predecessor-version":[{"id":1914,"href":"https:\/\/masterds.es\/index.php?rest_route=\/wp\/v2\/pages\/1882\/revisions\/1914"}],"up":[{"embeddable":true,"href":"https:\/\/masterds.es\/index.php?rest_route=\/wp\/v2\/pages\/1840"}],"wp:attachment":[{"href":"https:\/\/masterds.es\/index.php?rest_route=%2Fwp%2Fv2%2Fmedia&parent=1882"}],"curies":[{"name":"wp","href":"https:\/\/api.w.org\/{rel}","templated":true}]}}