{"id":1928,"date":"2016-09-30T10:32:24","date_gmt":"2016-09-30T10:32:24","guid":{"rendered":"http:\/\/sanfernando.cs.us.es\/?page_id=1928"},"modified":"2021-05-20T07:24:28","modified_gmt":"2021-05-20T07:24:28","slug":"profesorado","status":"publish","type":"page","link":"https:\/\/masterds.es\/?page_id=1928","title":{"rendered":"Profesorado"},"content":{"rendered":"<h4>Comisi\u00f3n acad\u00e9mica<\/h4>\n<hr \/>\n<ul>\n<li>D. Jos\u00e9 A. Alonso Jim\u00e9nez\n<ul>\n<li>Universidad de Sevilla &#8211; Ciencias de la Computaci\u00f3n e Inteligencia Artificial<\/li>\n<\/ul>\n<\/li>\n<li>D. Joaqu\u00edn Borrego D\u00edaz\n<ul>\n<li>Universidad de Sevilla &#8211; Ciencias de la Computaci\u00f3n e Inteligencia Artificial<\/li>\n<\/ul>\n<\/li>\n<li>D. Jos\u00e9 Antonio Guerrero Dur\u00e1n\n<ul>\n<li>Datrik Intelligence S.A.<\/li>\n<\/ul>\n<\/li>\n<li>D. Juan Luis Moreno Rebollo\n<ul>\n<li>Universidad de Sevilla &#8211; Estad\u00edstica e Investigaci\u00f3n Operativa<\/li>\n<\/ul>\n<\/li>\n<li>D. Juan Manuel Mu\u00f1oz Pichardo\n<ul>\n<li>Universidad de Sevilla &#8211; Estad\u00edstica e Investigaci\u00f3n Operativa<\/li>\n<\/ul>\n<\/li>\n<\/ul>\n<h4>Profesorado<\/h4>\n<hr \/>\n<ul>\n<li>D. Jos\u00e9 A. Alonso Jim\u00e9nez\n<ul>\n<li>Universidad de Sevilla &#8211; Ciencias de la Computaci\u00f3n e Inteligencia Artificial<\/li>\n<\/ul>\n<\/li>\n<li>D. Gonzalo A. Aranda Corral\n<ul>\n<li>Universidad de Huelva &#8211; Tecnolog\u00edas de la Informaci\u00f3n<\/li>\n<\/ul>\n<\/li>\n<li>D\u00aa. Inmaculada Barranco Chamorro\n<ul>\n<li>Universidad de Sevilla &#8211; Estad\u00edstica e Investigaci\u00f3n Operativa<\/li>\n<\/ul>\n<\/li>\n<li>D. Antonio Beato Moreno\n<ul>\n<li>Universidad de Sevilla &#8211; Estad\u00edstica e Investigaci\u00f3n Operativa<\/li>\n<\/ul>\n<\/li>\n<li>D. Rafael Blanquero Bravo\n<ul>\n<li>Universidad de Sevilla &#8211; Estad\u00edstica e Investigaci\u00f3n Operativa<\/li>\n<\/ul>\n<\/li>\n<li>D. Joaqu\u00edn Borrego D\u00edaz\n<ul>\n<li>Universidad de Sevilla &#8211; Ciencias de la Computaci\u00f3n e Inteligencia Artificial<\/li>\n<\/ul>\n<\/li>\n<li>D. Jos\u00e9 Manuel Camacho Sosa\n<ul>\n<li>Geographica S.L.<\/li>\n<\/ul>\n<\/li>\n<li>D\u00aa. M\u00aa Dolores Cubiles de la Vega\n<ul>\n<li>Universidad de Sevilla &#8211; Estad\u00edstica e Investigaci\u00f3n Operativa<\/li>\n<\/ul>\n<\/li>\n<li>D. Jaime de Miguel Rodr\u00edguez\n<ul>\n<li>Universidad de Sevilla &#8211; Ciencias de la Computaci\u00f3n e Inteligencia Artificial<\/li>\n<\/ul>\n<\/li>\n<li>D. Juan Gal\u00e1n P\u00e1ez\n<ul>\n<li>Datrik Intelligence S.A.<\/li>\n<\/ul>\n<\/li>\n<li>David G\u00e1lvez Ruiz\n<ul>\n<li>Universidad de Sevilla &#8211; Estad\u00edstica e Investigaci\u00f3n Operativa<\/li>\n<\/ul>\n<\/li>\n<li>D. Felipe Garc\u00eda de Pesquera Gago\n<ul>\n<li>GARPES S.L.<\/li>\n<\/ul>\n<\/li>\n<li>D. Jos\u00e9 Antonio Guerrero Dur\u00e1n\n<ul>\n<li>Datrik Intelligence S.A.<\/li>\n<\/ul>\n<\/li>\n<li>D. Miguel \u00c1ngel Guti\u00e9rrez Naranjo\n<ul>\n<li>Universidad de Sevilla &#8211; Ciencias de la Computaci\u00f3n e Inteligencia Artificial<\/li>\n<\/ul>\n<\/li>\n<li>D\u00aa. Mar\u00eda Jos\u00e9 Hidalgo Doblado\n<ul>\n<li>Universidad de Sevilla &#8211; Ciencias de la Computaci\u00f3n e Inteligencia Artificial<\/li>\n<\/ul>\n<\/li>\n<li>D\u00aa. Mar\u00eda Dolores Jim\u00e9nez Gamero\n<ul>\n<li>Universidad de Sevilla &#8211; Estad\u00edstica e Investigaci\u00f3n Operativa<\/li>\n<\/ul>\n<\/li>\n<li>D. Pedro Luis Luque Calvo\n<ul>\n<li>Universidad de Sevilla &#8211; Estad\u00edstica e Investigaci\u00f3n Operativa<\/li>\n<\/ul>\n<\/li>\n<li>D. Juan Luis Moreno Rebollo\n<ul>\n<li>Universidad de Sevilla &#8211; Estad\u00edstica e Investigaci\u00f3n Operativa<\/li>\n<\/ul>\n<\/li>\n<li>D. Juan Manuel Mu\u00f1oz Pichardo\n<ul>\n<li>Universidad de Sevilla &#8211; Estad\u00edstica e Investigaci\u00f3n Operativa<\/li>\n<\/ul>\n<\/li>\n<li>D. Gabriel Mu\u00f1oz R\u00edos\n<ul>\n<li>Intelygenz<\/li>\n<\/ul>\n<\/li>\n<li>D. Jos\u00e9 Luis Pino Mej\u00edas\n<ul>\n<li>Universidad de Sevilla &#8211; Estad\u00edstica e Investigaci\u00f3n Operativa<\/li>\n<\/ul>\n<\/li>\n<li>D. Rafael Pino Mej\u00edas\n<ul>\n<li>Universidad de Sevilla &#8211; Estad\u00edstica e Investigaci\u00f3n Operativa<\/li>\n<\/ul>\n<\/li>\n<li>D. Jos\u00e9 Francisco Quesada Moreno\n<ul>\n<li>Centro de Inform\u00e1tica Cient\u00edfica de Andaluc\u00eda<\/li>\n<\/ul>\n<\/li>\n<li>D. \u00c1lvaro Romero Jim\u00e9nez\n<ul>\n<li>Universidad de Sevilla &#8211; Ciencias de la Computaci\u00f3n e Inteligencia Artificial<\/li>\n<\/ul>\n<\/li>\n<li>D. Jos\u00e9 L. Ruiz Reina\n<ul>\n<li>Universidad de Sevilla &#8211; Ciencias de la Computaci\u00f3n e Inteligencia Artificial<\/li>\n<\/ul>\n<\/li>\n<li>D. Fernando Sancho Caparrini\n<ul>\n<li>Universidad de Sevilla &#8211; Ciencias de la Computaci\u00f3n e Inteligencia Artificial<\/li>\n<\/ul>\n<\/li>\n<li>D. David Sol\u00eds Mart\u00edn\n<ul>\n<li>Datrik Intelligence S.A.<\/li>\n<\/ul>\n<\/li>\n<\/ul>\n\n<div class=\"twitter-share\"><a href=\"https:\/\/twitter.com\/intent\/tweet?via=MScDataScience\" class=\"twitter-share-button\">Twittear<\/a><\/div>\n","protected":false},"excerpt":{"rendered":"<p>Comisi\u00f3n acad\u00e9mica D. Jos\u00e9 A. Alonso Jim\u00e9nez Universidad de Sevilla &#8211; Ciencias de la Computaci\u00f3n e Inteligencia Artificial D. Joaqu\u00edn Borrego D\u00edaz Universidad de Sevilla &#8211; Ciencias de la Computaci\u00f3n e Inteligencia Artificial D. Jos\u00e9 Antonio Guerrero Dur\u00e1n Datrik Intelligence S.A. D. Juan Luis Moreno Rebollo Universidad de Sevilla &#8211; Estad\u00edstica e Investigaci\u00f3n Operativa D.<\/p>\n<div><a class=\"btn-filled btn\" href=\"https:\/\/masterds.es\/?page_id=1928\" title=\"Profesorado\">Leer m\u00e1s<\/a><\/div>\n","protected":false},"author":1,"featured_media":0,"parent":1840,"menu_order":0,"comment_status":"closed","ping_status":"closed","template":"","meta":{"footnotes":""},"yoast_head":"<!-- This site is optimized with the Yoast SEO plugin v21.7 - https:\/\/yoast.com\/wordpress\/plugins\/seo\/ -->\n<title>Profesorado - Master propio U. Sevilla<\/title>\n<meta name=\"robots\" content=\"index, follow, max-snippet:-1, max-image-preview:large, max-video-preview:-1\" \/>\n<link rel=\"canonical\" href=\"https:\/\/masterds.es\/?page_id=1928\" \/>\n<meta property=\"og:locale\" content=\"es_ES\" \/>\n<meta property=\"og:type\" content=\"article\" \/>\n<meta property=\"og:title\" content=\"Profesorado - Master propio U. Sevilla\" \/>\n<meta property=\"og:description\" content=\"Comisi\u00f3n acad\u00e9mica D. Jos\u00e9 A. Alonso Jim\u00e9nez Universidad de Sevilla &#8211; Ciencias de la Computaci\u00f3n e Inteligencia Artificial D. Joaqu\u00edn Borrego D\u00edaz Universidad de Sevilla &#8211; Ciencias de la Computaci\u00f3n e Inteligencia Artificial D. Jos\u00e9 Antonio Guerrero Dur\u00e1n Datrik Intelligence S.A. D. Juan Luis Moreno Rebollo Universidad de Sevilla &#8211; Estad\u00edstica e Investigaci\u00f3n Operativa D.Leer m\u00e1s\" \/>\n<meta property=\"og:url\" content=\"https:\/\/masterds.es\/?page_id=1928\" \/>\n<meta property=\"og:site_name\" content=\"Master propio U. Sevilla\" \/>\n<meta property=\"article:modified_time\" content=\"2021-05-20T07:24:28+00:00\" \/>\n<meta name=\"twitter:card\" content=\"summary_large_image\" \/>\n<meta name=\"twitter:label1\" content=\"Tiempo de lectura\" \/>\n\t<meta name=\"twitter:data1\" content=\"2 minutos\" \/>\n<script type=\"application\/ld+json\" class=\"yoast-schema-graph\">{\"@context\":\"https:\/\/schema.org\",\"@graph\":[{\"@type\":\"WebPage\",\"@id\":\"https:\/\/masterds.es\/?page_id=1928\",\"url\":\"https:\/\/masterds.es\/?page_id=1928\",\"name\":\"Profesorado - Master propio U. Sevilla\",\"isPartOf\":{\"@id\":\"https:\/\/masterds.es\/#website\"},\"datePublished\":\"2016-09-30T10:32:24+00:00\",\"dateModified\":\"2021-05-20T07:24:28+00:00\",\"breadcrumb\":{\"@id\":\"https:\/\/masterds.es\/?page_id=1928#breadcrumb\"},\"inLanguage\":\"es\",\"potentialAction\":[{\"@type\":\"ReadAction\",\"target\":[\"https:\/\/masterds.es\/?page_id=1928\"]}]},{\"@type\":\"BreadcrumbList\",\"@id\":\"https:\/\/masterds.es\/?page_id=1928#breadcrumb\",\"itemListElement\":[{\"@type\":\"ListItem\",\"position\":1,\"name\":\"Portada\",\"item\":\"https:\/\/masterds.es\/\"},{\"@type\":\"ListItem\",\"position\":2,\"name\":\"Informaci\u00f3n general\",\"item\":\"https:\/\/masterds.es\/?page_id=1840\"},{\"@type\":\"ListItem\",\"position\":3,\"name\":\"Profesorado\"}]},{\"@type\":\"WebSite\",\"@id\":\"https:\/\/masterds.es\/#website\",\"url\":\"https:\/\/masterds.es\/\",\"name\":\"Master propio U. Sevilla\",\"description\":\"Master en Data Science\",\"potentialAction\":[{\"@type\":\"SearchAction\",\"target\":{\"@type\":\"EntryPoint\",\"urlTemplate\":\"https:\/\/masterds.es\/?s={search_term_string}\"},\"query-input\":\"required name=search_term_string\"}],\"inLanguage\":\"es\"}]}<\/script>\n<!-- \/ Yoast SEO plugin. -->","yoast_head_json":{"title":"Profesorado - Master propio U. Sevilla","robots":{"index":"index","follow":"follow","max-snippet":"max-snippet:-1","max-image-preview":"max-image-preview:large","max-video-preview":"max-video-preview:-1"},"canonical":"https:\/\/masterds.es\/?page_id=1928","og_locale":"es_ES","og_type":"article","og_title":"Profesorado - Master propio U. Sevilla","og_description":"Comisi\u00f3n acad\u00e9mica D. Jos\u00e9 A. Alonso Jim\u00e9nez Universidad de Sevilla &#8211; Ciencias de la Computaci\u00f3n e Inteligencia Artificial D. Joaqu\u00edn Borrego D\u00edaz Universidad de Sevilla &#8211; Ciencias de la Computaci\u00f3n e Inteligencia Artificial D. Jos\u00e9 Antonio Guerrero Dur\u00e1n Datrik Intelligence S.A. D. Juan Luis Moreno Rebollo Universidad de Sevilla &#8211; Estad\u00edstica e Investigaci\u00f3n Operativa D.Leer m\u00e1s","og_url":"https:\/\/masterds.es\/?page_id=1928","og_site_name":"Master propio U. Sevilla","article_modified_time":"2021-05-20T07:24:28+00:00","twitter_card":"summary_large_image","twitter_misc":{"Tiempo de lectura":"2 minutos"},"schema":{"@context":"https:\/\/schema.org","@graph":[{"@type":"WebPage","@id":"https:\/\/masterds.es\/?page_id=1928","url":"https:\/\/masterds.es\/?page_id=1928","name":"Profesorado - Master propio U. Sevilla","isPartOf":{"@id":"https:\/\/masterds.es\/#website"},"datePublished":"2016-09-30T10:32:24+00:00","dateModified":"2021-05-20T07:24:28+00:00","breadcrumb":{"@id":"https:\/\/masterds.es\/?page_id=1928#breadcrumb"},"inLanguage":"es","potentialAction":[{"@type":"ReadAction","target":["https:\/\/masterds.es\/?page_id=1928"]}]},{"@type":"BreadcrumbList","@id":"https:\/\/masterds.es\/?page_id=1928#breadcrumb","itemListElement":[{"@type":"ListItem","position":1,"name":"Portada","item":"https:\/\/masterds.es\/"},{"@type":"ListItem","position":2,"name":"Informaci\u00f3n general","item":"https:\/\/masterds.es\/?page_id=1840"},{"@type":"ListItem","position":3,"name":"Profesorado"}]},{"@type":"WebSite","@id":"https:\/\/masterds.es\/#website","url":"https:\/\/masterds.es\/","name":"Master propio U. Sevilla","description":"Master en Data Science","potentialAction":[{"@type":"SearchAction","target":{"@type":"EntryPoint","urlTemplate":"https:\/\/masterds.es\/?s={search_term_string}"},"query-input":"required name=search_term_string"}],"inLanguage":"es"}]}},"jetpack_sharing_enabled":true,"_links":{"self":[{"href":"https:\/\/masterds.es\/index.php?rest_route=\/wp\/v2\/pages\/1928"}],"collection":[{"href":"https:\/\/masterds.es\/index.php?rest_route=\/wp\/v2\/pages"}],"about":[{"href":"https:\/\/masterds.es\/index.php?rest_route=\/wp\/v2\/types\/page"}],"author":[{"embeddable":true,"href":"https:\/\/masterds.es\/index.php?rest_route=\/wp\/v2\/users\/1"}],"replies":[{"embeddable":true,"href":"https:\/\/masterds.es\/index.php?rest_route=%2Fwp%2Fv2%2Fcomments&post=1928"}],"version-history":[{"count":3,"href":"https:\/\/masterds.es\/index.php?rest_route=\/wp\/v2\/pages\/1928\/revisions"}],"predecessor-version":[{"id":2116,"href":"https:\/\/masterds.es\/index.php?rest_route=\/wp\/v2\/pages\/1928\/revisions\/2116"}],"up":[{"embeddable":true,"href":"https:\/\/masterds.es\/index.php?rest_route=\/wp\/v2\/pages\/1840"}],"wp:attachment":[{"href":"https:\/\/masterds.es\/index.php?rest_route=%2Fwp%2Fv2%2Fmedia&parent=1928"}],"curies":[{"name":"wp","href":"https:\/\/api.w.org\/{rel}","templated":true}]}}