{"id":1942,"date":"2016-09-30T14:27:11","date_gmt":"2016-09-30T14:27:11","guid":{"rendered":"http:\/\/sanfernando.cs.us.es\/?page_id=1942"},"modified":"2021-05-20T07:24:28","modified_gmt":"2021-05-20T07:24:28","slug":"fundamentos-estadistica-programacion-r-festad","status":"publish","type":"page","link":"https:\/\/masterds.es\/?page_id=1942","title":{"rendered":"Fundamentos de Estad\u00edstica y Programaci\u00f3n en R (FESTAD)"},"content":{"rendered":"<h4>Informaci\u00f3n general<\/h4>\n<hr \/>\n<ul>\n<li><span style=\"text-decoration: underline;\">Horario:<\/span> Mi\u00e9rcoles, jueves y viernes en horario de 16:30 a 20:30.<\/li>\n<li><span style=\"text-decoration: underline;\">Cr\u00e9ditos:<\/span> 4,00 ECTS<\/li>\n<\/ul>\n<h4>Contenido<\/h4>\n<hr \/>\n<ul>\n<li>Fundamentos de Estad\u00edstica\n<ul>\n<li>Probabilidad e inferencia estad\u00edstica<\/li>\n<li>An\u00e1lisis Exploratorio de Datos<\/li>\n<li>Modelo de Regresi\u00f3n Lineal M\u00faltiple<\/li>\n<\/ul>\n<\/li>\n<li>Entorno de programaci\u00f3n estad\u00edstica R\n<ul>\n<li>Tipos de objetos<\/li>\n<li>Elementos de Programaci\u00f3n<\/li>\n<li>Gesti\u00f3n de datos<\/li>\n<li>An\u00e1lisis exploratorio de datos: visualizaci\u00f3n<\/li>\n<\/ul>\n<\/li>\n<\/ul>\n<h4>Profesorado<\/h4>\n<hr \/>\n<ul>\n<li>Inmaculada Barranco Chamorro<\/li>\n<li>Antonio Beato Moreno<\/li>\n<li>Pedro Luis Luque Calvo<\/li>\n<li>Juan Luis Moreno Rebollo<\/li>\n<\/ul>\n\n<div class=\"twitter-share\"><a href=\"https:\/\/twitter.com\/intent\/tweet?via=MScDataScience\" class=\"twitter-share-button\">Twittear<\/a><\/div>\n","protected":false},"excerpt":{"rendered":"<p>Informaci\u00f3n general Horario: Mi\u00e9rcoles, jueves y viernes en horario de 16:30 a 20:30. Cr\u00e9ditos: 4,00 ECTS Contenido Fundamentos de Estad\u00edstica Probabilidad e inferencia estad\u00edstica An\u00e1lisis Exploratorio de Datos Modelo de Regresi\u00f3n Lineal M\u00faltiple Entorno de programaci\u00f3n estad\u00edstica R Tipos de objetos Elementos de Programaci\u00f3n Gesti\u00f3n de datos An\u00e1lisis exploratorio de datos: visualizaci\u00f3n Profesorado Inmaculada Barranco<\/p>\n<div><a class=\"btn-filled btn\" href=\"https:\/\/masterds.es\/?page_id=1942\" title=\"Fundamentos de Estad\u00edstica y Programaci\u00f3n en R (FESTAD)\">Leer m\u00e1s<\/a><\/div>\n","protected":false},"author":1,"featured_media":0,"parent":1933,"menu_order":0,"comment_status":"closed","ping_status":"closed","template":"","meta":{"footnotes":""},"yoast_head":"<!-- This site is optimized with the Yoast SEO plugin v21.7 - https:\/\/yoast.com\/wordpress\/plugins\/seo\/ -->\n<title>Fundamentos de Estad\u00edstica y Programaci\u00f3n en R (FESTAD) - Master propio U. Sevilla<\/title>\n<meta name=\"robots\" content=\"index, follow, max-snippet:-1, max-image-preview:large, max-video-preview:-1\" \/>\n<link rel=\"canonical\" href=\"https:\/\/masterds.es\/?page_id=1942\" \/>\n<meta property=\"og:locale\" content=\"es_ES\" \/>\n<meta property=\"og:type\" content=\"article\" \/>\n<meta property=\"og:title\" content=\"Fundamentos de Estad\u00edstica y Programaci\u00f3n en R (FESTAD) - Master propio U. Sevilla\" \/>\n<meta property=\"og:description\" content=\"Informaci\u00f3n general Horario: Mi\u00e9rcoles, jueves y viernes en horario de 16:30 a 20:30. Cr\u00e9ditos: 4,00 ECTS Contenido Fundamentos de Estad\u00edstica Probabilidad e inferencia estad\u00edstica An\u00e1lisis Exploratorio de Datos Modelo de Regresi\u00f3n Lineal M\u00faltiple Entorno de programaci\u00f3n estad\u00edstica R Tipos de objetos Elementos de Programaci\u00f3n Gesti\u00f3n de datos An\u00e1lisis exploratorio de datos: visualizaci\u00f3n Profesorado Inmaculada BarrancoLeer m\u00e1s\" \/>\n<meta property=\"og:url\" content=\"https:\/\/masterds.es\/?page_id=1942\" \/>\n<meta property=\"og:site_name\" content=\"Master propio U. Sevilla\" \/>\n<meta property=\"article:modified_time\" content=\"2021-05-20T07:24:28+00:00\" \/>\n<meta name=\"twitter:card\" content=\"summary_large_image\" \/>\n<script type=\"application\/ld+json\" class=\"yoast-schema-graph\">{\"@context\":\"https:\/\/schema.org\",\"@graph\":[{\"@type\":\"WebPage\",\"@id\":\"https:\/\/masterds.es\/?page_id=1942\",\"url\":\"https:\/\/masterds.es\/?page_id=1942\",\"name\":\"Fundamentos de Estad\u00edstica y Programaci\u00f3n en R (FESTAD) - Master propio U. Sevilla\",\"isPartOf\":{\"@id\":\"https:\/\/masterds.es\/#website\"},\"datePublished\":\"2016-09-30T14:27:11+00:00\",\"dateModified\":\"2021-05-20T07:24:28+00:00\",\"breadcrumb\":{\"@id\":\"https:\/\/masterds.es\/?page_id=1942#breadcrumb\"},\"inLanguage\":\"es\",\"potentialAction\":[{\"@type\":\"ReadAction\",\"target\":[\"https:\/\/masterds.es\/?page_id=1942\"]}]},{\"@type\":\"BreadcrumbList\",\"@id\":\"https:\/\/masterds.es\/?page_id=1942#breadcrumb\",\"itemListElement\":[{\"@type\":\"ListItem\",\"position\":1,\"name\":\"Portada\",\"item\":\"https:\/\/masterds.es\/\"},{\"@type\":\"ListItem\",\"position\":2,\"name\":\"Plan de estudios\",\"item\":\"https:\/\/masterds.es\/?page_id=1933\"},{\"@type\":\"ListItem\",\"position\":3,\"name\":\"Fundamentos de Estad\u00edstica y Programaci\u00f3n en R (FESTAD)\"}]},{\"@type\":\"WebSite\",\"@id\":\"https:\/\/masterds.es\/#website\",\"url\":\"https:\/\/masterds.es\/\",\"name\":\"Master propio U. Sevilla\",\"description\":\"Master en Data Science\",\"potentialAction\":[{\"@type\":\"SearchAction\",\"target\":{\"@type\":\"EntryPoint\",\"urlTemplate\":\"https:\/\/masterds.es\/?s={search_term_string}\"},\"query-input\":\"required name=search_term_string\"}],\"inLanguage\":\"es\"}]}<\/script>\n<!-- \/ Yoast SEO plugin. -->","yoast_head_json":{"title":"Fundamentos de Estad\u00edstica y Programaci\u00f3n en R (FESTAD) - Master propio U. Sevilla","robots":{"index":"index","follow":"follow","max-snippet":"max-snippet:-1","max-image-preview":"max-image-preview:large","max-video-preview":"max-video-preview:-1"},"canonical":"https:\/\/masterds.es\/?page_id=1942","og_locale":"es_ES","og_type":"article","og_title":"Fundamentos de Estad\u00edstica y Programaci\u00f3n en R (FESTAD) - Master propio U. Sevilla","og_description":"Informaci\u00f3n general Horario: Mi\u00e9rcoles, jueves y viernes en horario de 16:30 a 20:30. Cr\u00e9ditos: 4,00 ECTS Contenido Fundamentos de Estad\u00edstica Probabilidad e inferencia estad\u00edstica An\u00e1lisis Exploratorio de Datos Modelo de Regresi\u00f3n Lineal M\u00faltiple Entorno de programaci\u00f3n estad\u00edstica R Tipos de objetos Elementos de Programaci\u00f3n Gesti\u00f3n de datos An\u00e1lisis exploratorio de datos: visualizaci\u00f3n Profesorado Inmaculada BarrancoLeer m\u00e1s","og_url":"https:\/\/masterds.es\/?page_id=1942","og_site_name":"Master propio U. Sevilla","article_modified_time":"2021-05-20T07:24:28+00:00","twitter_card":"summary_large_image","schema":{"@context":"https:\/\/schema.org","@graph":[{"@type":"WebPage","@id":"https:\/\/masterds.es\/?page_id=1942","url":"https:\/\/masterds.es\/?page_id=1942","name":"Fundamentos de Estad\u00edstica y Programaci\u00f3n en R (FESTAD) - Master propio U. Sevilla","isPartOf":{"@id":"https:\/\/masterds.es\/#website"},"datePublished":"2016-09-30T14:27:11+00:00","dateModified":"2021-05-20T07:24:28+00:00","breadcrumb":{"@id":"https:\/\/masterds.es\/?page_id=1942#breadcrumb"},"inLanguage":"es","potentialAction":[{"@type":"ReadAction","target":["https:\/\/masterds.es\/?page_id=1942"]}]},{"@type":"BreadcrumbList","@id":"https:\/\/masterds.es\/?page_id=1942#breadcrumb","itemListElement":[{"@type":"ListItem","position":1,"name":"Portada","item":"https:\/\/masterds.es\/"},{"@type":"ListItem","position":2,"name":"Plan de estudios","item":"https:\/\/masterds.es\/?page_id=1933"},{"@type":"ListItem","position":3,"name":"Fundamentos de Estad\u00edstica y Programaci\u00f3n en R (FESTAD)"}]},{"@type":"WebSite","@id":"https:\/\/masterds.es\/#website","url":"https:\/\/masterds.es\/","name":"Master propio U. Sevilla","description":"Master en Data Science","potentialAction":[{"@type":"SearchAction","target":{"@type":"EntryPoint","urlTemplate":"https:\/\/masterds.es\/?s={search_term_string}"},"query-input":"required name=search_term_string"}],"inLanguage":"es"}]}},"jetpack_sharing_enabled":true,"_links":{"self":[{"href":"https:\/\/masterds.es\/index.php?rest_route=\/wp\/v2\/pages\/1942"}],"collection":[{"href":"https:\/\/masterds.es\/index.php?rest_route=\/wp\/v2\/pages"}],"about":[{"href":"https:\/\/masterds.es\/index.php?rest_route=\/wp\/v2\/types\/page"}],"author":[{"embeddable":true,"href":"https:\/\/masterds.es\/index.php?rest_route=\/wp\/v2\/users\/1"}],"replies":[{"embeddable":true,"href":"https:\/\/masterds.es\/index.php?rest_route=%2Fwp%2Fv2%2Fcomments&post=1942"}],"version-history":[{"count":3,"href":"https:\/\/masterds.es\/index.php?rest_route=\/wp\/v2\/pages\/1942\/revisions"}],"predecessor-version":[{"id":2124,"href":"https:\/\/masterds.es\/index.php?rest_route=\/wp\/v2\/pages\/1942\/revisions\/2124"}],"up":[{"embeddable":true,"href":"https:\/\/masterds.es\/index.php?rest_route=\/wp\/v2\/pages\/1933"}],"wp:attachment":[{"href":"https:\/\/masterds.es\/index.php?rest_route=%2Fwp%2Fv2%2Fmedia&parent=1942"}],"curies":[{"name":"wp","href":"https:\/\/api.w.org\/{rel}","templated":true}]}}