{"id":1945,"date":"2016-09-30T14:31:31","date_gmt":"2016-09-30T14:31:31","guid":{"rendered":"http:\/\/sanfernando.cs.us.es\/?page_id=1945"},"modified":"2021-05-20T07:24:28","modified_gmt":"2021-05-20T07:24:28","slug":"aprendizaje-estadistico-modelizacion-aemod","status":"publish","type":"page","link":"https:\/\/masterds.es\/?page_id=1945","title":{"rendered":"Aprendizaje Estad\u00edstico y Modelizaci\u00f3n (AEMOD)"},"content":{"rendered":"<h4>Informaci\u00f3n general<\/h4>\n<hr \/>\n<ul>\n<li><span style=\"text-decoration: underline;\">Horario:<\/span> Miercoles, jueves y viernes en horario de 16:30 a 20:30.<\/li>\n<li><span style=\"text-decoration: underline;\">Cr\u00e9ditos:<\/span> 6,00 ECTS<\/li>\n<\/ul>\n<h4>Contenido<\/h4>\n<hr \/>\n<ul>\n<li>Concepto b\u00e1sicos en Aprendizaje estad\u00edstico<\/li>\n<li>Modelo lineal generalizado<\/li>\n<li>Modelos de Regresi\u00f3n no lineales<\/li>\n<li>Modelos de Regresi\u00f3n no param\u00e9tricos<\/li>\n<li>Regresi\u00f3n y clasificaci\u00f3n mediante KNN<\/li>\n<\/ul>\n<h4>Profesorado<\/h4>\n<hr \/>\n<ul>\n<li>M\u00aa Dolores Cubiles de la Vega<\/li>\n<li>Mar\u00eda Dolores Jim\u00e9nez Gamero<\/li>\n<li>Juan Manuel Mu\u00f1oz Pichardo<\/li>\n<li>Jos\u00e9 Luis Pino Mej\u00edas<\/li>\n<\/ul>\n\n<div class=\"twitter-share\"><a href=\"https:\/\/twitter.com\/intent\/tweet?via=MScDataScience\" class=\"twitter-share-button\">Twittear<\/a><\/div>\n","protected":false},"excerpt":{"rendered":"<p>Informaci\u00f3n general Horario: Miercoles, jueves y viernes en horario de 16:30 a 20:30. Cr\u00e9ditos: 6,00 ECTS Contenido Concepto b\u00e1sicos en Aprendizaje estad\u00edstico Modelo lineal generalizado Modelos de Regresi\u00f3n no lineales Modelos de Regresi\u00f3n no param\u00e9tricos Regresi\u00f3n y clasificaci\u00f3n mediante KNN Profesorado M\u00aa Dolores Cubiles de la Vega Mar\u00eda Dolores Jim\u00e9nez Gamero Juan Manuel Mu\u00f1oz Pichardo<\/p>\n<div><a class=\"btn-filled btn\" href=\"https:\/\/masterds.es\/?page_id=1945\" title=\"Aprendizaje Estad\u00edstico y Modelizaci\u00f3n (AEMOD)\">Leer m\u00e1s<\/a><\/div>\n","protected":false},"author":1,"featured_media":0,"parent":1933,"menu_order":0,"comment_status":"closed","ping_status":"closed","template":"","meta":{"footnotes":""},"yoast_head":"<!-- This site is optimized with the Yoast SEO plugin v21.7 - https:\/\/yoast.com\/wordpress\/plugins\/seo\/ -->\n<title>Aprendizaje Estad\u00edstico y Modelizaci\u00f3n (AEMOD) - Master propio U. Sevilla<\/title>\n<meta name=\"robots\" content=\"index, follow, max-snippet:-1, max-image-preview:large, max-video-preview:-1\" \/>\n<link rel=\"canonical\" href=\"https:\/\/masterds.es\/?page_id=1945\" \/>\n<meta property=\"og:locale\" content=\"es_ES\" \/>\n<meta property=\"og:type\" content=\"article\" \/>\n<meta property=\"og:title\" content=\"Aprendizaje Estad\u00edstico y Modelizaci\u00f3n (AEMOD) - Master propio U. Sevilla\" \/>\n<meta property=\"og:description\" content=\"Informaci\u00f3n general Horario: Miercoles, jueves y viernes en horario de 16:30 a 20:30. Cr\u00e9ditos: 6,00 ECTS Contenido Concepto b\u00e1sicos en Aprendizaje estad\u00edstico Modelo lineal generalizado Modelos de Regresi\u00f3n no lineales Modelos de Regresi\u00f3n no param\u00e9tricos Regresi\u00f3n y clasificaci\u00f3n mediante KNN Profesorado M\u00aa Dolores Cubiles de la Vega Mar\u00eda Dolores Jim\u00e9nez Gamero Juan Manuel Mu\u00f1oz PichardoLeer m\u00e1s\" \/>\n<meta property=\"og:url\" content=\"https:\/\/masterds.es\/?page_id=1945\" \/>\n<meta property=\"og:site_name\" content=\"Master propio U. Sevilla\" \/>\n<meta property=\"article:modified_time\" content=\"2021-05-20T07:24:28+00:00\" \/>\n<meta name=\"twitter:card\" content=\"summary_large_image\" \/>\n<script type=\"application\/ld+json\" class=\"yoast-schema-graph\">{\"@context\":\"https:\/\/schema.org\",\"@graph\":[{\"@type\":\"WebPage\",\"@id\":\"https:\/\/masterds.es\/?page_id=1945\",\"url\":\"https:\/\/masterds.es\/?page_id=1945\",\"name\":\"Aprendizaje Estad\u00edstico y Modelizaci\u00f3n (AEMOD) - Master propio U. Sevilla\",\"isPartOf\":{\"@id\":\"https:\/\/masterds.es\/#website\"},\"datePublished\":\"2016-09-30T14:31:31+00:00\",\"dateModified\":\"2021-05-20T07:24:28+00:00\",\"breadcrumb\":{\"@id\":\"https:\/\/masterds.es\/?page_id=1945#breadcrumb\"},\"inLanguage\":\"es\",\"potentialAction\":[{\"@type\":\"ReadAction\",\"target\":[\"https:\/\/masterds.es\/?page_id=1945\"]}]},{\"@type\":\"BreadcrumbList\",\"@id\":\"https:\/\/masterds.es\/?page_id=1945#breadcrumb\",\"itemListElement\":[{\"@type\":\"ListItem\",\"position\":1,\"name\":\"Portada\",\"item\":\"https:\/\/masterds.es\/\"},{\"@type\":\"ListItem\",\"position\":2,\"name\":\"Plan de estudios\",\"item\":\"https:\/\/masterds.es\/?page_id=1933\"},{\"@type\":\"ListItem\",\"position\":3,\"name\":\"Aprendizaje Estad\u00edstico y Modelizaci\u00f3n (AEMOD)\"}]},{\"@type\":\"WebSite\",\"@id\":\"https:\/\/masterds.es\/#website\",\"url\":\"https:\/\/masterds.es\/\",\"name\":\"Master propio U. Sevilla\",\"description\":\"Master en Data Science\",\"potentialAction\":[{\"@type\":\"SearchAction\",\"target\":{\"@type\":\"EntryPoint\",\"urlTemplate\":\"https:\/\/masterds.es\/?s={search_term_string}\"},\"query-input\":\"required name=search_term_string\"}],\"inLanguage\":\"es\"}]}<\/script>\n<!-- \/ Yoast SEO plugin. -->","yoast_head_json":{"title":"Aprendizaje Estad\u00edstico y Modelizaci\u00f3n (AEMOD) - Master propio U. Sevilla","robots":{"index":"index","follow":"follow","max-snippet":"max-snippet:-1","max-image-preview":"max-image-preview:large","max-video-preview":"max-video-preview:-1"},"canonical":"https:\/\/masterds.es\/?page_id=1945","og_locale":"es_ES","og_type":"article","og_title":"Aprendizaje Estad\u00edstico y Modelizaci\u00f3n (AEMOD) - Master propio U. Sevilla","og_description":"Informaci\u00f3n general Horario: Miercoles, jueves y viernes en horario de 16:30 a 20:30. Cr\u00e9ditos: 6,00 ECTS Contenido Concepto b\u00e1sicos en Aprendizaje estad\u00edstico Modelo lineal generalizado Modelos de Regresi\u00f3n no lineales Modelos de Regresi\u00f3n no param\u00e9tricos Regresi\u00f3n y clasificaci\u00f3n mediante KNN Profesorado M\u00aa Dolores Cubiles de la Vega Mar\u00eda Dolores Jim\u00e9nez Gamero Juan Manuel Mu\u00f1oz PichardoLeer m\u00e1s","og_url":"https:\/\/masterds.es\/?page_id=1945","og_site_name":"Master propio U. Sevilla","article_modified_time":"2021-05-20T07:24:28+00:00","twitter_card":"summary_large_image","schema":{"@context":"https:\/\/schema.org","@graph":[{"@type":"WebPage","@id":"https:\/\/masterds.es\/?page_id=1945","url":"https:\/\/masterds.es\/?page_id=1945","name":"Aprendizaje Estad\u00edstico y Modelizaci\u00f3n (AEMOD) - Master propio U. Sevilla","isPartOf":{"@id":"https:\/\/masterds.es\/#website"},"datePublished":"2016-09-30T14:31:31+00:00","dateModified":"2021-05-20T07:24:28+00:00","breadcrumb":{"@id":"https:\/\/masterds.es\/?page_id=1945#breadcrumb"},"inLanguage":"es","potentialAction":[{"@type":"ReadAction","target":["https:\/\/masterds.es\/?page_id=1945"]}]},{"@type":"BreadcrumbList","@id":"https:\/\/masterds.es\/?page_id=1945#breadcrumb","itemListElement":[{"@type":"ListItem","position":1,"name":"Portada","item":"https:\/\/masterds.es\/"},{"@type":"ListItem","position":2,"name":"Plan de estudios","item":"https:\/\/masterds.es\/?page_id=1933"},{"@type":"ListItem","position":3,"name":"Aprendizaje Estad\u00edstico y Modelizaci\u00f3n (AEMOD)"}]},{"@type":"WebSite","@id":"https:\/\/masterds.es\/#website","url":"https:\/\/masterds.es\/","name":"Master propio U. Sevilla","description":"Master en Data Science","potentialAction":[{"@type":"SearchAction","target":{"@type":"EntryPoint","urlTemplate":"https:\/\/masterds.es\/?s={search_term_string}"},"query-input":"required name=search_term_string"}],"inLanguage":"es"}]}},"jetpack_sharing_enabled":true,"_links":{"self":[{"href":"https:\/\/masterds.es\/index.php?rest_route=\/wp\/v2\/pages\/1945"}],"collection":[{"href":"https:\/\/masterds.es\/index.php?rest_route=\/wp\/v2\/pages"}],"about":[{"href":"https:\/\/masterds.es\/index.php?rest_route=\/wp\/v2\/types\/page"}],"author":[{"embeddable":true,"href":"https:\/\/masterds.es\/index.php?rest_route=\/wp\/v2\/users\/1"}],"replies":[{"embeddable":true,"href":"https:\/\/masterds.es\/index.php?rest_route=%2Fwp%2Fv2%2Fcomments&post=1945"}],"version-history":[{"count":3,"href":"https:\/\/masterds.es\/index.php?rest_route=\/wp\/v2\/pages\/1945\/revisions"}],"predecessor-version":[{"id":2118,"href":"https:\/\/masterds.es\/index.php?rest_route=\/wp\/v2\/pages\/1945\/revisions\/2118"}],"up":[{"embeddable":true,"href":"https:\/\/masterds.es\/index.php?rest_route=\/wp\/v2\/pages\/1933"}],"wp:attachment":[{"href":"https:\/\/masterds.es\/index.php?rest_route=%2Fwp%2Fv2%2Fmedia&parent=1945"}],"curies":[{"name":"wp","href":"https:\/\/api.w.org\/{rel}","templated":true}]}}