{"id":1965,"date":"2016-10-03T11:44:04","date_gmt":"2016-10-03T11:44:04","guid":{"rendered":"http:\/\/sanfernando.cs.us.es\/?page_id=1965"},"modified":"2017-10-02T11:14:04","modified_gmt":"2017-10-02T11:14:04","slug":"inteligencia-colectiva-sistemas-recomendacion-icsr","status":"publish","type":"page","link":"https:\/\/masterds.es\/?page_id=1965","title":{"rendered":"Inteligencia Colectiva y Sistemas de Recomendaci\u00f3n (ICSR)"},"content":{"rendered":"<h4>Informaci\u00f3n general<\/h4>\n<hr \/>\n<ul>\n<li><span style=\"text-decoration: underline;\">Horario:<\/span> Mi\u00e9rcoles, jueves y viernes en horario de 16:30 a 20:30.<\/li>\n<li><span style=\"text-decoration: underline;\">Cr\u00e9ditos:<\/span> 3,00 ECTS<\/li>\n<\/ul>\n<h4>Contenido<\/h4>\n<hr \/>\n<ul>\n<li>Inteligencia Colectiva y flujos de datos\n<ul>\n<li>Web Social<\/li>\n<li>Social Media<\/li>\n<li>Metodolog\u00edas \u00bbcrowd\u00bb<\/li>\n<\/ul>\n<\/li>\n<li>Redes: Conceptos, topolog\u00eda y comportamiento extremal\n<ul>\n<li>Propagaci\u00f3n<\/li>\n<li>Resiliencia en redes<\/li>\n<li>Computaci\u00f3n bajo reputaci\u00f3n y confianza<\/li>\n<\/ul>\n<\/li>\n<li>An\u00e1lisis de la sem\u00e1ntica emergente: An\u00e1lisis de opini\u00f3n y sentimientos<\/li>\n<li>Sistemas de recomendaci\u00f3n (Item based, User Based)<\/li>\n<li>Aplicaciones<\/li>\n<\/ul>\n<h4>Profesorado<\/h4>\n<hr \/>\n<ul>\n<li>Gonzalo A. Aranda Corral<\/li>\n<li>Joaqu\u00edn Borrego D\u00edaz<\/li>\n<li>Fernando Sancho Caparrini<\/li>\n<\/ul>\n\n<div class=\"twitter-share\"><a href=\"https:\/\/twitter.com\/intent\/tweet?via=MScDataScience\" class=\"twitter-share-button\">Twittear<\/a><\/div>\n","protected":false},"excerpt":{"rendered":"<p>Informaci\u00f3n general Horario: Mi\u00e9rcoles, jueves y viernes en horario de 16:30 a 20:30. Cr\u00e9ditos: 3,00 ECTS Contenido Inteligencia Colectiva y flujos de datos Web Social Social Media Metodolog\u00edas \u00bbcrowd\u00bb Redes: Conceptos, topolog\u00eda y comportamiento extremal Propagaci\u00f3n Resiliencia en redes Computaci\u00f3n bajo reputaci\u00f3n y confianza An\u00e1lisis de la sem\u00e1ntica emergente: An\u00e1lisis de opini\u00f3n y sentimientos Sistemas<\/p>\n<div><a class=\"btn-filled btn\" href=\"https:\/\/masterds.es\/?page_id=1965\" title=\"Inteligencia Colectiva y Sistemas de Recomendaci\u00f3n (ICSR)\">Leer m\u00e1s<\/a><\/div>\n","protected":false},"author":1,"featured_media":0,"parent":1933,"menu_order":0,"comment_status":"closed","ping_status":"closed","template":"","meta":{"footnotes":""},"yoast_head":"<!-- This site is optimized with the Yoast SEO plugin v21.7 - https:\/\/yoast.com\/wordpress\/plugins\/seo\/ -->\n<title>Inteligencia Colectiva y Sistemas de Recomendaci\u00f3n (ICSR) - Master propio U. Sevilla<\/title>\n<meta name=\"robots\" content=\"index, follow, max-snippet:-1, max-image-preview:large, max-video-preview:-1\" \/>\n<link rel=\"canonical\" href=\"https:\/\/masterds.es\/?page_id=1965\" \/>\n<meta property=\"og:locale\" content=\"es_ES\" \/>\n<meta property=\"og:type\" content=\"article\" \/>\n<meta property=\"og:title\" content=\"Inteligencia Colectiva y Sistemas de Recomendaci\u00f3n (ICSR) - Master propio U. Sevilla\" \/>\n<meta property=\"og:description\" content=\"Informaci\u00f3n general Horario: Mi\u00e9rcoles, jueves y viernes en horario de 16:30 a 20:30. Cr\u00e9ditos: 3,00 ECTS Contenido Inteligencia Colectiva y flujos de datos Web Social Social Media Metodolog\u00edas \u00bbcrowd\u00bb Redes: Conceptos, topolog\u00eda y comportamiento extremal Propagaci\u00f3n Resiliencia en redes Computaci\u00f3n bajo reputaci\u00f3n y confianza An\u00e1lisis de la sem\u00e1ntica emergente: An\u00e1lisis de opini\u00f3n y sentimientos SistemasLeer m\u00e1s\" \/>\n<meta property=\"og:url\" content=\"https:\/\/masterds.es\/?page_id=1965\" \/>\n<meta property=\"og:site_name\" content=\"Master propio U. Sevilla\" \/>\n<meta property=\"article:modified_time\" content=\"2017-10-02T11:14:04+00:00\" \/>\n<meta name=\"twitter:card\" content=\"summary_large_image\" \/>\n<script type=\"application\/ld+json\" class=\"yoast-schema-graph\">{\"@context\":\"https:\/\/schema.org\",\"@graph\":[{\"@type\":\"WebPage\",\"@id\":\"https:\/\/masterds.es\/?page_id=1965\",\"url\":\"https:\/\/masterds.es\/?page_id=1965\",\"name\":\"Inteligencia Colectiva y Sistemas de Recomendaci\u00f3n (ICSR) - Master propio U. Sevilla\",\"isPartOf\":{\"@id\":\"https:\/\/masterds.es\/#website\"},\"datePublished\":\"2016-10-03T11:44:04+00:00\",\"dateModified\":\"2017-10-02T11:14:04+00:00\",\"breadcrumb\":{\"@id\":\"https:\/\/masterds.es\/?page_id=1965#breadcrumb\"},\"inLanguage\":\"es\",\"potentialAction\":[{\"@type\":\"ReadAction\",\"target\":[\"https:\/\/masterds.es\/?page_id=1965\"]}]},{\"@type\":\"BreadcrumbList\",\"@id\":\"https:\/\/masterds.es\/?page_id=1965#breadcrumb\",\"itemListElement\":[{\"@type\":\"ListItem\",\"position\":1,\"name\":\"Portada\",\"item\":\"https:\/\/masterds.es\/\"},{\"@type\":\"ListItem\",\"position\":2,\"name\":\"Plan de estudios\",\"item\":\"https:\/\/masterds.es\/?page_id=1933\"},{\"@type\":\"ListItem\",\"position\":3,\"name\":\"Inteligencia Colectiva y Sistemas de Recomendaci\u00f3n (ICSR)\"}]},{\"@type\":\"WebSite\",\"@id\":\"https:\/\/masterds.es\/#website\",\"url\":\"https:\/\/masterds.es\/\",\"name\":\"Master propio U. Sevilla\",\"description\":\"Master en Data Science\",\"potentialAction\":[{\"@type\":\"SearchAction\",\"target\":{\"@type\":\"EntryPoint\",\"urlTemplate\":\"https:\/\/masterds.es\/?s={search_term_string}\"},\"query-input\":\"required name=search_term_string\"}],\"inLanguage\":\"es\"}]}<\/script>\n<!-- \/ Yoast SEO plugin. -->","yoast_head_json":{"title":"Inteligencia Colectiva y Sistemas de Recomendaci\u00f3n (ICSR) - Master propio U. Sevilla","robots":{"index":"index","follow":"follow","max-snippet":"max-snippet:-1","max-image-preview":"max-image-preview:large","max-video-preview":"max-video-preview:-1"},"canonical":"https:\/\/masterds.es\/?page_id=1965","og_locale":"es_ES","og_type":"article","og_title":"Inteligencia Colectiva y Sistemas de Recomendaci\u00f3n (ICSR) - Master propio U. Sevilla","og_description":"Informaci\u00f3n general Horario: Mi\u00e9rcoles, jueves y viernes en horario de 16:30 a 20:30. Cr\u00e9ditos: 3,00 ECTS Contenido Inteligencia Colectiva y flujos de datos Web Social Social Media Metodolog\u00edas \u00bbcrowd\u00bb Redes: Conceptos, topolog\u00eda y comportamiento extremal Propagaci\u00f3n Resiliencia en redes Computaci\u00f3n bajo reputaci\u00f3n y confianza An\u00e1lisis de la sem\u00e1ntica emergente: An\u00e1lisis de opini\u00f3n y sentimientos SistemasLeer m\u00e1s","og_url":"https:\/\/masterds.es\/?page_id=1965","og_site_name":"Master propio U. Sevilla","article_modified_time":"2017-10-02T11:14:04+00:00","twitter_card":"summary_large_image","schema":{"@context":"https:\/\/schema.org","@graph":[{"@type":"WebPage","@id":"https:\/\/masterds.es\/?page_id=1965","url":"https:\/\/masterds.es\/?page_id=1965","name":"Inteligencia Colectiva y Sistemas de Recomendaci\u00f3n (ICSR) - Master propio U. Sevilla","isPartOf":{"@id":"https:\/\/masterds.es\/#website"},"datePublished":"2016-10-03T11:44:04+00:00","dateModified":"2017-10-02T11:14:04+00:00","breadcrumb":{"@id":"https:\/\/masterds.es\/?page_id=1965#breadcrumb"},"inLanguage":"es","potentialAction":[{"@type":"ReadAction","target":["https:\/\/masterds.es\/?page_id=1965"]}]},{"@type":"BreadcrumbList","@id":"https:\/\/masterds.es\/?page_id=1965#breadcrumb","itemListElement":[{"@type":"ListItem","position":1,"name":"Portada","item":"https:\/\/masterds.es\/"},{"@type":"ListItem","position":2,"name":"Plan de estudios","item":"https:\/\/masterds.es\/?page_id=1933"},{"@type":"ListItem","position":3,"name":"Inteligencia Colectiva y Sistemas de Recomendaci\u00f3n (ICSR)"}]},{"@type":"WebSite","@id":"https:\/\/masterds.es\/#website","url":"https:\/\/masterds.es\/","name":"Master propio U. Sevilla","description":"Master en Data Science","potentialAction":[{"@type":"SearchAction","target":{"@type":"EntryPoint","urlTemplate":"https:\/\/masterds.es\/?s={search_term_string}"},"query-input":"required name=search_term_string"}],"inLanguage":"es"}]}},"jetpack_sharing_enabled":true,"_links":{"self":[{"href":"https:\/\/masterds.es\/index.php?rest_route=\/wp\/v2\/pages\/1965"}],"collection":[{"href":"https:\/\/masterds.es\/index.php?rest_route=\/wp\/v2\/pages"}],"about":[{"href":"https:\/\/masterds.es\/index.php?rest_route=\/wp\/v2\/types\/page"}],"author":[{"embeddable":true,"href":"https:\/\/masterds.es\/index.php?rest_route=\/wp\/v2\/users\/1"}],"replies":[{"embeddable":true,"href":"https:\/\/masterds.es\/index.php?rest_route=%2Fwp%2Fv2%2Fcomments&post=1965"}],"version-history":[{"count":3,"href":"https:\/\/masterds.es\/index.php?rest_route=\/wp\/v2\/pages\/1965\/revisions"}],"predecessor-version":[{"id":2125,"href":"https:\/\/masterds.es\/index.php?rest_route=\/wp\/v2\/pages\/1965\/revisions\/2125"}],"up":[{"embeddable":true,"href":"https:\/\/masterds.es\/index.php?rest_route=\/wp\/v2\/pages\/1933"}],"wp:attachment":[{"href":"https:\/\/masterds.es\/index.php?rest_route=%2Fwp%2Fv2%2Fmedia&parent=1965"}],"curies":[{"name":"wp","href":"https:\/\/api.w.org\/{rel}","templated":true}]}}