{"id":1967,"date":"2016-10-03T11:47:39","date_gmt":"2016-10-03T11:47:39","guid":{"rendered":"http:\/\/sanfernando.cs.us.es\/?page_id=1967"},"modified":"2017-10-02T11:15:52","modified_gmt":"2017-10-02T11:15:52","slug":"modelos-datos-temporales-espaciales-mdte","status":"publish","type":"page","link":"https:\/\/masterds.es\/?page_id=1967","title":{"rendered":"Modelos para Datos Temporales y Espaciales (MDTE)"},"content":{"rendered":"<h4>Informaci\u00f3n general<\/h4>\n<hr \/>\n<ul>\n<li><span style=\"text-decoration: underline;\">Horario:<\/span> Mi\u00e9rcoles, jueves y viernes en horario de 16:30 a 20:30.<\/li>\n<li><span style=\"text-decoration: underline;\">Cr\u00e9ditos:<\/span> 3,00 ECTS<\/li>\n<\/ul>\n<h4>Contenido<\/h4>\n<hr \/>\n<ul>\n<li>T\u00e9cnicas b\u00e1sicas<\/li>\n<li>Modelos ARIMA<\/li>\n<li>Modelos de series temporales no lineales: ARCH-GARCH<\/li>\n<li>An\u00e1lisis espectral<\/li>\n<li>Georeferenciaci\u00f3n estad\u00edstica<\/li>\n<li>T\u00e9cnicas de predicci\u00f3n espacial<\/li>\n<\/ul>\n<h4>Profesorado<\/h4>\n<hr \/>\n<ul>\n<li>Antonio Beato Moreno<\/li>\n<li>Mar\u00eda Dolores Jim\u00e9nez Gamero<\/li>\n<\/ul>\n\n<div class=\"twitter-share\"><a href=\"https:\/\/twitter.com\/intent\/tweet?via=MScDataScience\" class=\"twitter-share-button\">Twittear<\/a><\/div>\n","protected":false},"excerpt":{"rendered":"<p>Informaci\u00f3n general Horario: Mi\u00e9rcoles, jueves y viernes en horario de 16:30 a 20:30. Cr\u00e9ditos: 3,00 ECTS Contenido T\u00e9cnicas b\u00e1sicas Modelos ARIMA Modelos de series temporales no lineales: ARCH-GARCH An\u00e1lisis espectral Georeferenciaci\u00f3n estad\u00edstica T\u00e9cnicas de predicci\u00f3n espacial Profesorado Antonio Beato Moreno Mar\u00eda Dolores Jim\u00e9nez Gamero<\/p>\n","protected":false},"author":1,"featured_media":0,"parent":1933,"menu_order":0,"comment_status":"closed","ping_status":"closed","template":"","meta":{"footnotes":""},"yoast_head":"<!-- This site is optimized with the Yoast SEO plugin v21.7 - https:\/\/yoast.com\/wordpress\/plugins\/seo\/ -->\n<title>Modelos para Datos Temporales y Espaciales (MDTE) - Master propio U. Sevilla<\/title>\n<meta name=\"robots\" content=\"index, follow, max-snippet:-1, max-image-preview:large, max-video-preview:-1\" \/>\n<link rel=\"canonical\" href=\"https:\/\/masterds.es\/?page_id=1967\" \/>\n<meta property=\"og:locale\" content=\"es_ES\" \/>\n<meta property=\"og:type\" content=\"article\" \/>\n<meta property=\"og:title\" content=\"Modelos para Datos Temporales y Espaciales (MDTE) - Master propio U. Sevilla\" \/>\n<meta property=\"og:description\" content=\"Informaci\u00f3n general Horario: Mi\u00e9rcoles, jueves y viernes en horario de 16:30 a 20:30. Cr\u00e9ditos: 3,00 ECTS Contenido T\u00e9cnicas b\u00e1sicas Modelos ARIMA Modelos de series temporales no lineales: ARCH-GARCH An\u00e1lisis espectral Georeferenciaci\u00f3n estad\u00edstica T\u00e9cnicas de predicci\u00f3n espacial Profesorado Antonio Beato Moreno Mar\u00eda Dolores Jim\u00e9nez Gamero\" \/>\n<meta property=\"og:url\" content=\"https:\/\/masterds.es\/?page_id=1967\" \/>\n<meta property=\"og:site_name\" content=\"Master propio U. Sevilla\" \/>\n<meta property=\"article:modified_time\" content=\"2017-10-02T11:15:52+00:00\" \/>\n<meta name=\"twitter:card\" content=\"summary_large_image\" \/>\n<script type=\"application\/ld+json\" class=\"yoast-schema-graph\">{\"@context\":\"https:\/\/schema.org\",\"@graph\":[{\"@type\":\"WebPage\",\"@id\":\"https:\/\/masterds.es\/?page_id=1967\",\"url\":\"https:\/\/masterds.es\/?page_id=1967\",\"name\":\"Modelos para Datos Temporales y Espaciales (MDTE) - Master propio U. Sevilla\",\"isPartOf\":{\"@id\":\"https:\/\/masterds.es\/#website\"},\"datePublished\":\"2016-10-03T11:47:39+00:00\",\"dateModified\":\"2017-10-02T11:15:52+00:00\",\"breadcrumb\":{\"@id\":\"https:\/\/masterds.es\/?page_id=1967#breadcrumb\"},\"inLanguage\":\"es\",\"potentialAction\":[{\"@type\":\"ReadAction\",\"target\":[\"https:\/\/masterds.es\/?page_id=1967\"]}]},{\"@type\":\"BreadcrumbList\",\"@id\":\"https:\/\/masterds.es\/?page_id=1967#breadcrumb\",\"itemListElement\":[{\"@type\":\"ListItem\",\"position\":1,\"name\":\"Portada\",\"item\":\"https:\/\/masterds.es\/\"},{\"@type\":\"ListItem\",\"position\":2,\"name\":\"Plan de estudios\",\"item\":\"https:\/\/masterds.es\/?page_id=1933\"},{\"@type\":\"ListItem\",\"position\":3,\"name\":\"Modelos para Datos Temporales y Espaciales (MDTE)\"}]},{\"@type\":\"WebSite\",\"@id\":\"https:\/\/masterds.es\/#website\",\"url\":\"https:\/\/masterds.es\/\",\"name\":\"Master propio U. Sevilla\",\"description\":\"Master en Data Science\",\"potentialAction\":[{\"@type\":\"SearchAction\",\"target\":{\"@type\":\"EntryPoint\",\"urlTemplate\":\"https:\/\/masterds.es\/?s={search_term_string}\"},\"query-input\":\"required name=search_term_string\"}],\"inLanguage\":\"es\"}]}<\/script>\n<!-- \/ Yoast SEO plugin. -->","yoast_head_json":{"title":"Modelos para Datos Temporales y Espaciales (MDTE) - Master propio U. Sevilla","robots":{"index":"index","follow":"follow","max-snippet":"max-snippet:-1","max-image-preview":"max-image-preview:large","max-video-preview":"max-video-preview:-1"},"canonical":"https:\/\/masterds.es\/?page_id=1967","og_locale":"es_ES","og_type":"article","og_title":"Modelos para Datos Temporales y Espaciales (MDTE) - Master propio U. Sevilla","og_description":"Informaci\u00f3n general Horario: Mi\u00e9rcoles, jueves y viernes en horario de 16:30 a 20:30. Cr\u00e9ditos: 3,00 ECTS Contenido T\u00e9cnicas b\u00e1sicas Modelos ARIMA Modelos de series temporales no lineales: ARCH-GARCH An\u00e1lisis espectral Georeferenciaci\u00f3n estad\u00edstica T\u00e9cnicas de predicci\u00f3n espacial Profesorado Antonio Beato Moreno Mar\u00eda Dolores Jim\u00e9nez Gamero","og_url":"https:\/\/masterds.es\/?page_id=1967","og_site_name":"Master propio U. Sevilla","article_modified_time":"2017-10-02T11:15:52+00:00","twitter_card":"summary_large_image","schema":{"@context":"https:\/\/schema.org","@graph":[{"@type":"WebPage","@id":"https:\/\/masterds.es\/?page_id=1967","url":"https:\/\/masterds.es\/?page_id=1967","name":"Modelos para Datos Temporales y Espaciales (MDTE) - Master propio U. Sevilla","isPartOf":{"@id":"https:\/\/masterds.es\/#website"},"datePublished":"2016-10-03T11:47:39+00:00","dateModified":"2017-10-02T11:15:52+00:00","breadcrumb":{"@id":"https:\/\/masterds.es\/?page_id=1967#breadcrumb"},"inLanguage":"es","potentialAction":[{"@type":"ReadAction","target":["https:\/\/masterds.es\/?page_id=1967"]}]},{"@type":"BreadcrumbList","@id":"https:\/\/masterds.es\/?page_id=1967#breadcrumb","itemListElement":[{"@type":"ListItem","position":1,"name":"Portada","item":"https:\/\/masterds.es\/"},{"@type":"ListItem","position":2,"name":"Plan de estudios","item":"https:\/\/masterds.es\/?page_id=1933"},{"@type":"ListItem","position":3,"name":"Modelos para Datos Temporales y Espaciales (MDTE)"}]},{"@type":"WebSite","@id":"https:\/\/masterds.es\/#website","url":"https:\/\/masterds.es\/","name":"Master propio U. Sevilla","description":"Master en Data Science","potentialAction":[{"@type":"SearchAction","target":{"@type":"EntryPoint","urlTemplate":"https:\/\/masterds.es\/?s={search_term_string}"},"query-input":"required name=search_term_string"}],"inLanguage":"es"}]}},"jetpack_sharing_enabled":true,"_links":{"self":[{"href":"https:\/\/masterds.es\/index.php?rest_route=\/wp\/v2\/pages\/1967"}],"collection":[{"href":"https:\/\/masterds.es\/index.php?rest_route=\/wp\/v2\/pages"}],"about":[{"href":"https:\/\/masterds.es\/index.php?rest_route=\/wp\/v2\/types\/page"}],"author":[{"embeddable":true,"href":"https:\/\/masterds.es\/index.php?rest_route=\/wp\/v2\/users\/1"}],"replies":[{"embeddable":true,"href":"https:\/\/masterds.es\/index.php?rest_route=%2Fwp%2Fv2%2Fcomments&post=1967"}],"version-history":[{"count":4,"href":"https:\/\/masterds.es\/index.php?rest_route=\/wp\/v2\/pages\/1967\/revisions"}],"predecessor-version":[{"id":2131,"href":"https:\/\/masterds.es\/index.php?rest_route=\/wp\/v2\/pages\/1967\/revisions\/2131"}],"up":[{"embeddable":true,"href":"https:\/\/masterds.es\/index.php?rest_route=\/wp\/v2\/pages\/1933"}],"wp:attachment":[{"href":"https:\/\/masterds.es\/index.php?rest_route=%2Fwp%2Fv2%2Fmedia&parent=1967"}],"curies":[{"name":"wp","href":"https:\/\/api.w.org\/{rel}","templated":true}]}}