{"id":1973,"date":"2016-10-03T12:48:22","date_gmt":"2016-10-03T12:48:22","guid":{"rendered":"http:\/\/sanfernando.cs.us.es\/?page_id=1973"},"modified":"2017-10-02T11:16:35","modified_gmt":"2017-10-02T11:16:35","slug":"procesamiento-del-lenguaje-natural-la-ciencia-del-dato-ii-plncd-ii","status":"publish","type":"page","link":"https:\/\/masterds.es\/?page_id=1973","title":{"rendered":"Procesamiento del Lenguaje Natural para la Ciencia del Dato II (PLNCD II)"},"content":{"rendered":"<h4>Informaci\u00f3n general<\/h4>\n<hr \/>\n<ul>\n<li><span style=\"text-decoration: underline;\">Horario:<\/span> Mi\u00e9rcoles, jueves y viernes en horario de 16:30 a 20:30.<\/li>\n<li><span style=\"text-decoration: underline;\">Cr\u00e9ditos:<\/span> 2,00 ECTS<\/li>\n<\/ul>\n<h4>Contenido<\/h4>\n<hr \/>\n<ul>\n<li>NLTK: Librer\u00eda Python para lenguaje natural<\/li>\n<li>Manipulaci\u00f3n de corpus<\/li>\n<li>Normalizaci\u00f3n de textos: segmentaci\u00f3n, tokenizaci\u00f3n, lematizaci\u00f3n.<\/li>\n<li>Tagging<\/li>\n<li>Clasificaci\u00f3n de textos<\/li>\n<li>Parsing<\/li>\n<li>An\u00e1lisis sem\u00e1ntico: gram\u00e1ticas de estructuras de rasgos<\/li>\n<li>Representaci\u00f3n del conocimiento<\/li>\n<li>StanfordCore NLP<\/li>\n<li>Sistema de reconocimiento de entidades<\/li>\n<li>Information Extraction<\/li>\n<li>Estudio de aplicaciones comerciales e industriales<\/li>\n<li>Ejemplos como Watson Analytics y otras plataformas que integran Big Data y sistemas basados en lenguaje natural en distintas \u00e1reas<\/li>\n<\/ul>\n<h4>Profesorado<\/h4>\n<hr \/>\n<ul>\n<li>Jos\u00e9 Francisco Quesada Moreno<\/li>\n<\/ul>\n\n<div class=\"twitter-share\"><a href=\"https:\/\/twitter.com\/intent\/tweet?via=MScDataScience\" class=\"twitter-share-button\">Twittear<\/a><\/div>\n","protected":false},"excerpt":{"rendered":"<p>Informaci\u00f3n general Horario: Mi\u00e9rcoles, jueves y viernes en horario de 16:30 a 20:30. Cr\u00e9ditos: 2,00 ECTS Contenido NLTK: Librer\u00eda Python para lenguaje natural Manipulaci\u00f3n de corpus Normalizaci\u00f3n de textos: segmentaci\u00f3n, tokenizaci\u00f3n, lematizaci\u00f3n. Tagging Clasificaci\u00f3n de textos Parsing An\u00e1lisis sem\u00e1ntico: gram\u00e1ticas de estructuras de rasgos Representaci\u00f3n del conocimiento StanfordCore NLP Sistema de reconocimiento de entidades Information<\/p>\n<div><a class=\"btn-filled btn\" href=\"https:\/\/masterds.es\/?page_id=1973\" title=\"Procesamiento del Lenguaje Natural para la Ciencia del Dato II (PLNCD II)\">Leer m\u00e1s<\/a><\/div>\n","protected":false},"author":1,"featured_media":0,"parent":1933,"menu_order":0,"comment_status":"closed","ping_status":"closed","template":"","meta":{"footnotes":""},"yoast_head":"<!-- This site is optimized with the Yoast SEO plugin v21.7 - https:\/\/yoast.com\/wordpress\/plugins\/seo\/ -->\n<title>Procesamiento del Lenguaje Natural para la Ciencia del Dato II (PLNCD II) - Master propio U. Sevilla<\/title>\n<meta name=\"robots\" content=\"index, follow, max-snippet:-1, max-image-preview:large, max-video-preview:-1\" \/>\n<link rel=\"canonical\" href=\"https:\/\/masterds.es\/?page_id=1973\" \/>\n<meta property=\"og:locale\" content=\"es_ES\" \/>\n<meta property=\"og:type\" content=\"article\" \/>\n<meta property=\"og:title\" content=\"Procesamiento del Lenguaje Natural para la Ciencia del Dato II (PLNCD II) - Master propio U. Sevilla\" \/>\n<meta property=\"og:description\" content=\"Informaci\u00f3n general Horario: Mi\u00e9rcoles, jueves y viernes en horario de 16:30 a 20:30. Cr\u00e9ditos: 2,00 ECTS Contenido NLTK: Librer\u00eda Python para lenguaje natural Manipulaci\u00f3n de corpus Normalizaci\u00f3n de textos: segmentaci\u00f3n, tokenizaci\u00f3n, lematizaci\u00f3n. Tagging Clasificaci\u00f3n de textos Parsing An\u00e1lisis sem\u00e1ntico: gram\u00e1ticas de estructuras de rasgos Representaci\u00f3n del conocimiento StanfordCore NLP Sistema de reconocimiento de entidades InformationLeer m\u00e1s\" \/>\n<meta property=\"og:url\" content=\"https:\/\/masterds.es\/?page_id=1973\" \/>\n<meta property=\"og:site_name\" content=\"Master propio U. Sevilla\" \/>\n<meta property=\"article:modified_time\" content=\"2017-10-02T11:16:35+00:00\" \/>\n<meta name=\"twitter:card\" content=\"summary_large_image\" \/>\n<script type=\"application\/ld+json\" class=\"yoast-schema-graph\">{\"@context\":\"https:\/\/schema.org\",\"@graph\":[{\"@type\":\"WebPage\",\"@id\":\"https:\/\/masterds.es\/?page_id=1973\",\"url\":\"https:\/\/masterds.es\/?page_id=1973\",\"name\":\"Procesamiento del Lenguaje Natural para la Ciencia del Dato II (PLNCD II) - Master propio U. Sevilla\",\"isPartOf\":{\"@id\":\"https:\/\/masterds.es\/#website\"},\"datePublished\":\"2016-10-03T12:48:22+00:00\",\"dateModified\":\"2017-10-02T11:16:35+00:00\",\"breadcrumb\":{\"@id\":\"https:\/\/masterds.es\/?page_id=1973#breadcrumb\"},\"inLanguage\":\"es\",\"potentialAction\":[{\"@type\":\"ReadAction\",\"target\":[\"https:\/\/masterds.es\/?page_id=1973\"]}]},{\"@type\":\"BreadcrumbList\",\"@id\":\"https:\/\/masterds.es\/?page_id=1973#breadcrumb\",\"itemListElement\":[{\"@type\":\"ListItem\",\"position\":1,\"name\":\"Portada\",\"item\":\"https:\/\/masterds.es\/\"},{\"@type\":\"ListItem\",\"position\":2,\"name\":\"Plan de estudios\",\"item\":\"https:\/\/masterds.es\/?page_id=1933\"},{\"@type\":\"ListItem\",\"position\":3,\"name\":\"Procesamiento del Lenguaje Natural para la Ciencia del Dato II (PLNCD II)\"}]},{\"@type\":\"WebSite\",\"@id\":\"https:\/\/masterds.es\/#website\",\"url\":\"https:\/\/masterds.es\/\",\"name\":\"Master propio U. Sevilla\",\"description\":\"Master en Data Science\",\"potentialAction\":[{\"@type\":\"SearchAction\",\"target\":{\"@type\":\"EntryPoint\",\"urlTemplate\":\"https:\/\/masterds.es\/?s={search_term_string}\"},\"query-input\":\"required name=search_term_string\"}],\"inLanguage\":\"es\"}]}<\/script>\n<!-- \/ Yoast SEO plugin. -->","yoast_head_json":{"title":"Procesamiento del Lenguaje Natural para la Ciencia del Dato II (PLNCD II) - Master propio U. Sevilla","robots":{"index":"index","follow":"follow","max-snippet":"max-snippet:-1","max-image-preview":"max-image-preview:large","max-video-preview":"max-video-preview:-1"},"canonical":"https:\/\/masterds.es\/?page_id=1973","og_locale":"es_ES","og_type":"article","og_title":"Procesamiento del Lenguaje Natural para la Ciencia del Dato II (PLNCD II) - Master propio U. Sevilla","og_description":"Informaci\u00f3n general Horario: Mi\u00e9rcoles, jueves y viernes en horario de 16:30 a 20:30. Cr\u00e9ditos: 2,00 ECTS Contenido NLTK: Librer\u00eda Python para lenguaje natural Manipulaci\u00f3n de corpus Normalizaci\u00f3n de textos: segmentaci\u00f3n, tokenizaci\u00f3n, lematizaci\u00f3n. Tagging Clasificaci\u00f3n de textos Parsing An\u00e1lisis sem\u00e1ntico: gram\u00e1ticas de estructuras de rasgos Representaci\u00f3n del conocimiento StanfordCore NLP Sistema de reconocimiento de entidades InformationLeer m\u00e1s","og_url":"https:\/\/masterds.es\/?page_id=1973","og_site_name":"Master propio U. Sevilla","article_modified_time":"2017-10-02T11:16:35+00:00","twitter_card":"summary_large_image","schema":{"@context":"https:\/\/schema.org","@graph":[{"@type":"WebPage","@id":"https:\/\/masterds.es\/?page_id=1973","url":"https:\/\/masterds.es\/?page_id=1973","name":"Procesamiento del Lenguaje Natural para la Ciencia del Dato II (PLNCD II) - Master propio U. Sevilla","isPartOf":{"@id":"https:\/\/masterds.es\/#website"},"datePublished":"2016-10-03T12:48:22+00:00","dateModified":"2017-10-02T11:16:35+00:00","breadcrumb":{"@id":"https:\/\/masterds.es\/?page_id=1973#breadcrumb"},"inLanguage":"es","potentialAction":[{"@type":"ReadAction","target":["https:\/\/masterds.es\/?page_id=1973"]}]},{"@type":"BreadcrumbList","@id":"https:\/\/masterds.es\/?page_id=1973#breadcrumb","itemListElement":[{"@type":"ListItem","position":1,"name":"Portada","item":"https:\/\/masterds.es\/"},{"@type":"ListItem","position":2,"name":"Plan de estudios","item":"https:\/\/masterds.es\/?page_id=1933"},{"@type":"ListItem","position":3,"name":"Procesamiento del Lenguaje Natural para la Ciencia del Dato II (PLNCD II)"}]},{"@type":"WebSite","@id":"https:\/\/masterds.es\/#website","url":"https:\/\/masterds.es\/","name":"Master propio U. Sevilla","description":"Master en Data Science","potentialAction":[{"@type":"SearchAction","target":{"@type":"EntryPoint","urlTemplate":"https:\/\/masterds.es\/?s={search_term_string}"},"query-input":"required name=search_term_string"}],"inLanguage":"es"}]}},"jetpack_sharing_enabled":true,"_links":{"self":[{"href":"https:\/\/masterds.es\/index.php?rest_route=\/wp\/v2\/pages\/1973"}],"collection":[{"href":"https:\/\/masterds.es\/index.php?rest_route=\/wp\/v2\/pages"}],"about":[{"href":"https:\/\/masterds.es\/index.php?rest_route=\/wp\/v2\/types\/page"}],"author":[{"embeddable":true,"href":"https:\/\/masterds.es\/index.php?rest_route=\/wp\/v2\/users\/1"}],"replies":[{"embeddable":true,"href":"https:\/\/masterds.es\/index.php?rest_route=%2Fwp%2Fv2%2Fcomments&post=1973"}],"version-history":[{"count":3,"href":"https:\/\/masterds.es\/index.php?rest_route=\/wp\/v2\/pages\/1973\/revisions"}],"predecessor-version":[{"id":2133,"href":"https:\/\/masterds.es\/index.php?rest_route=\/wp\/v2\/pages\/1973\/revisions\/2133"}],"up":[{"embeddable":true,"href":"https:\/\/masterds.es\/index.php?rest_route=\/wp\/v2\/pages\/1933"}],"wp:attachment":[{"href":"https:\/\/masterds.es\/index.php?rest_route=%2Fwp%2Fv2%2Fmedia&parent=1973"}],"curies":[{"name":"wp","href":"https:\/\/api.w.org\/{rel}","templated":true}]}}