{"id":2021,"date":"2016-10-05T11:03:43","date_gmt":"2016-10-05T11:03:43","guid":{"rendered":"http:\/\/sanfernando.cs.us.es\/?page_id=2021"},"modified":"2021-05-20T07:24:28","modified_gmt":"2021-05-20T07:24:28","slug":"asignaturas","status":"publish","type":"page","link":"https:\/\/masterds.es\/?page_id=2021","title":{"rendered":"Asignaturas"},"content":{"rendered":"<p>&nbsp;<\/p>\n<ul>\n<li><a href=\"?page_id=1935\">Dise\u00f1o y Gesti\u00f3n de Proyectos en Data Science I (DGP I)<\/a><\/li>\n<li><a href=\"?page_id=1938\">Dise\u00f1o y Gesti\u00f3n de Proyectos en Data Science II (DGP II)<\/a><\/li>\n<li><a href=\"?page_id=1940\">Introducci\u00f3n a la Programaci\u00f3n en Python y a los Paradigmas para Datos (IPPPD)<\/a><\/li>\n<li><a href=\"?page_id=1942\">Fundamentos de Estad\u00edstica y Programaci\u00f3n en R (FESTAD)<\/a><\/li>\n<li><a href=\"?page_id=1945\">Aprendizaje Estad\u00edstico y Modelizaci\u00f3n (AEMOD)<\/a><\/li>\n<li><a href=\"?page_id=1947\">Arquitecturas y Paradigmas para Ciencia del Dato (APCD)<\/a><\/li>\n<li><a href=\"?page_id=1949\">Arquitecturas y Paradigmas para Big Data (APBD)<\/a><\/li>\n<li><a href=\"?page_id=1959\">Machine Learning I (ML I)<\/a><\/li>\n<li><a href=\"?page_id=1961\">Machine Learning II (ML II)<\/a><\/li>\n<li><a href=\"?page_id=1963\">Metaheur\u00edstica y Deep Learning (MDL)<\/a><\/li>\n<li><a href=\"?page_id=1965\">Inteligencia Colectiva y Sistemas de Recomendaci\u00f3n (ICSR)<\/a><\/li>\n<li><a href=\"?page_id=1967\">Modelos para Datos Temporales y Espaciales (MDTE)<\/a><\/li>\n<li><a href=\"?page_id=1969\">Data Science &amp; Business Intelligence (DS&amp;BI)<\/a><\/li>\n<li><a href=\"?page_id=1971\">Procesamiento del Lenguaje Natural para la Ciencia del Dato I (PLNCD I)<\/a><\/li>\n<li><a href=\"?page_id=1973\">Procesamiento del Lenguaje Natural para la Ciencia del Dato II (PLNCD II)<\/a><\/li>\n<li><a href=\"?page_id=1975\">Visualizaci\u00f3n de Datos (VISDAT)<\/a><\/li>\n<li><a href=\"?page_id=1977\">Visualizaci\u00f3n de la Informaci\u00f3n (VISINF)<\/a><\/li>\n<li><a href=\"?page_id=1979\">Trabajo Fin de M\u00e1ster (TFM)<\/a><\/li>\n<\/ul>\n<p>&nbsp;<\/p>\n\n<div class=\"twitter-share\"><a href=\"https:\/\/twitter.com\/intent\/tweet?via=MScDataScience\" class=\"twitter-share-button\">Twittear<\/a><\/div>\n","protected":false},"excerpt":{"rendered":"<p>&nbsp; Dise\u00f1o y Gesti\u00f3n de Proyectos en Data Science I (DGP I) Dise\u00f1o y Gesti\u00f3n de Proyectos en Data Science II (DGP II) Introducci\u00f3n a la Programaci\u00f3n en Python y a los Paradigmas para Datos (IPPPD) Fundamentos de Estad\u00edstica y Programaci\u00f3n en R (FESTAD) Aprendizaje Estad\u00edstico y Modelizaci\u00f3n (AEMOD) Arquitecturas y Paradigmas para Ciencia del<\/p>\n<div><a class=\"btn-filled btn\" href=\"https:\/\/masterds.es\/?page_id=2021\" title=\"Asignaturas\">Leer m\u00e1s<\/a><\/div>\n","protected":false},"author":1,"featured_media":0,"parent":1933,"menu_order":0,"comment_status":"closed","ping_status":"closed","template":"","meta":{"footnotes":""},"yoast_head":"<!-- This site is optimized with the Yoast SEO plugin v21.7 - https:\/\/yoast.com\/wordpress\/plugins\/seo\/ -->\n<title>Asignaturas - Master propio U. Sevilla<\/title>\n<meta name=\"robots\" content=\"index, follow, max-snippet:-1, max-image-preview:large, max-video-preview:-1\" \/>\n<link rel=\"canonical\" href=\"https:\/\/masterds.es\/?page_id=2021\" \/>\n<meta property=\"og:locale\" content=\"es_ES\" \/>\n<meta property=\"og:type\" content=\"article\" \/>\n<meta property=\"og:title\" content=\"Asignaturas - Master propio U. Sevilla\" \/>\n<meta property=\"og:description\" content=\"&nbsp; Dise\u00f1o y Gesti\u00f3n de Proyectos en Data Science I (DGP I) Dise\u00f1o y Gesti\u00f3n de Proyectos en Data Science II (DGP II) Introducci\u00f3n a la Programaci\u00f3n en Python y a los Paradigmas para Datos (IPPPD) Fundamentos de Estad\u00edstica y Programaci\u00f3n en R (FESTAD) Aprendizaje Estad\u00edstico y Modelizaci\u00f3n (AEMOD) Arquitecturas y Paradigmas para Ciencia delLeer m\u00e1s\" \/>\n<meta property=\"og:url\" content=\"https:\/\/masterds.es\/?page_id=2021\" \/>\n<meta property=\"og:site_name\" content=\"Master propio U. Sevilla\" \/>\n<meta property=\"article:modified_time\" content=\"2021-05-20T07:24:28+00:00\" \/>\n<meta name=\"twitter:card\" content=\"summary_large_image\" \/>\n<meta name=\"twitter:label1\" content=\"Tiempo de lectura\" \/>\n\t<meta name=\"twitter:data1\" content=\"1 minuto\" \/>\n<script type=\"application\/ld+json\" class=\"yoast-schema-graph\">{\"@context\":\"https:\/\/schema.org\",\"@graph\":[{\"@type\":\"WebPage\",\"@id\":\"https:\/\/masterds.es\/?page_id=2021\",\"url\":\"https:\/\/masterds.es\/?page_id=2021\",\"name\":\"Asignaturas - Master propio U. Sevilla\",\"isPartOf\":{\"@id\":\"https:\/\/masterds.es\/#website\"},\"datePublished\":\"2016-10-05T11:03:43+00:00\",\"dateModified\":\"2021-05-20T07:24:28+00:00\",\"breadcrumb\":{\"@id\":\"https:\/\/masterds.es\/?page_id=2021#breadcrumb\"},\"inLanguage\":\"es\",\"potentialAction\":[{\"@type\":\"ReadAction\",\"target\":[\"https:\/\/masterds.es\/?page_id=2021\"]}]},{\"@type\":\"BreadcrumbList\",\"@id\":\"https:\/\/masterds.es\/?page_id=2021#breadcrumb\",\"itemListElement\":[{\"@type\":\"ListItem\",\"position\":1,\"name\":\"Portada\",\"item\":\"https:\/\/masterds.es\/\"},{\"@type\":\"ListItem\",\"position\":2,\"name\":\"Plan de estudios\",\"item\":\"https:\/\/masterds.es\/?page_id=1933\"},{\"@type\":\"ListItem\",\"position\":3,\"name\":\"Asignaturas\"}]},{\"@type\":\"WebSite\",\"@id\":\"https:\/\/masterds.es\/#website\",\"url\":\"https:\/\/masterds.es\/\",\"name\":\"Master propio U. Sevilla\",\"description\":\"Master en Data Science\",\"potentialAction\":[{\"@type\":\"SearchAction\",\"target\":{\"@type\":\"EntryPoint\",\"urlTemplate\":\"https:\/\/masterds.es\/?s={search_term_string}\"},\"query-input\":\"required name=search_term_string\"}],\"inLanguage\":\"es\"}]}<\/script>\n<!-- \/ Yoast SEO plugin. -->","yoast_head_json":{"title":"Asignaturas - Master propio U. Sevilla","robots":{"index":"index","follow":"follow","max-snippet":"max-snippet:-1","max-image-preview":"max-image-preview:large","max-video-preview":"max-video-preview:-1"},"canonical":"https:\/\/masterds.es\/?page_id=2021","og_locale":"es_ES","og_type":"article","og_title":"Asignaturas - Master propio U. Sevilla","og_description":"&nbsp; Dise\u00f1o y Gesti\u00f3n de Proyectos en Data Science I (DGP I) Dise\u00f1o y Gesti\u00f3n de Proyectos en Data Science II (DGP II) Introducci\u00f3n a la Programaci\u00f3n en Python y a los Paradigmas para Datos (IPPPD) Fundamentos de Estad\u00edstica y Programaci\u00f3n en R (FESTAD) Aprendizaje Estad\u00edstico y Modelizaci\u00f3n (AEMOD) Arquitecturas y Paradigmas para Ciencia delLeer m\u00e1s","og_url":"https:\/\/masterds.es\/?page_id=2021","og_site_name":"Master propio U. Sevilla","article_modified_time":"2021-05-20T07:24:28+00:00","twitter_card":"summary_large_image","twitter_misc":{"Tiempo de lectura":"1 minuto"},"schema":{"@context":"https:\/\/schema.org","@graph":[{"@type":"WebPage","@id":"https:\/\/masterds.es\/?page_id=2021","url":"https:\/\/masterds.es\/?page_id=2021","name":"Asignaturas - Master propio U. Sevilla","isPartOf":{"@id":"https:\/\/masterds.es\/#website"},"datePublished":"2016-10-05T11:03:43+00:00","dateModified":"2021-05-20T07:24:28+00:00","breadcrumb":{"@id":"https:\/\/masterds.es\/?page_id=2021#breadcrumb"},"inLanguage":"es","potentialAction":[{"@type":"ReadAction","target":["https:\/\/masterds.es\/?page_id=2021"]}]},{"@type":"BreadcrumbList","@id":"https:\/\/masterds.es\/?page_id=2021#breadcrumb","itemListElement":[{"@type":"ListItem","position":1,"name":"Portada","item":"https:\/\/masterds.es\/"},{"@type":"ListItem","position":2,"name":"Plan de estudios","item":"https:\/\/masterds.es\/?page_id=1933"},{"@type":"ListItem","position":3,"name":"Asignaturas"}]},{"@type":"WebSite","@id":"https:\/\/masterds.es\/#website","url":"https:\/\/masterds.es\/","name":"Master propio U. Sevilla","description":"Master en Data Science","potentialAction":[{"@type":"SearchAction","target":{"@type":"EntryPoint","urlTemplate":"https:\/\/masterds.es\/?s={search_term_string}"},"query-input":"required name=search_term_string"}],"inLanguage":"es"}]}},"jetpack_sharing_enabled":true,"_links":{"self":[{"href":"https:\/\/masterds.es\/index.php?rest_route=\/wp\/v2\/pages\/2021"}],"collection":[{"href":"https:\/\/masterds.es\/index.php?rest_route=\/wp\/v2\/pages"}],"about":[{"href":"https:\/\/masterds.es\/index.php?rest_route=\/wp\/v2\/types\/page"}],"author":[{"embeddable":true,"href":"https:\/\/masterds.es\/index.php?rest_route=\/wp\/v2\/users\/1"}],"replies":[{"embeddable":true,"href":"https:\/\/masterds.es\/index.php?rest_route=%2Fwp%2Fv2%2Fcomments&post=2021"}],"version-history":[{"count":2,"href":"https:\/\/masterds.es\/index.php?rest_route=\/wp\/v2\/pages\/2021\/revisions"}],"predecessor-version":[{"id":2147,"href":"https:\/\/masterds.es\/index.php?rest_route=\/wp\/v2\/pages\/2021\/revisions\/2147"}],"up":[{"embeddable":true,"href":"https:\/\/masterds.es\/index.php?rest_route=\/wp\/v2\/pages\/1933"}],"wp:attachment":[{"href":"https:\/\/masterds.es\/index.php?rest_route=%2Fwp%2Fv2%2Fmedia&parent=2021"}],"curies":[{"name":"wp","href":"https:\/\/api.w.org\/{rel}","templated":true}]}}